{"id":3,"date":"2022-04-01T14:10:41","date_gmt":"2022-04-01T14:10:41","guid":{"rendered":"https:\/\/alfaro.es\/agendaurbana\/?page_id=3"},"modified":"2022-08-18T10:22:20","modified_gmt":"2022-08-18T08:22:20","slug":"politica-de-privacidad","status":"publish","type":"page","link":"https:\/\/alfaro.es\/agendaurbana\/politica-de-privacidad\/","title":{"rendered":"Pol\u00edtica de privacidad"},"content":{"rendered":"\r\n<p>\u00a0\u00a0\u00a0De acuerdo con la L.O. 3\/2018 de 5 de diciembre, de Protecci\u00f3n de Datos Personales y garant\u00eda de los derechos digitales y el Reglamento del Parlamento Europeo y del Consejo 2016\/679, de 26 de abril, relativo a la protecci\u00f3n de las personas f\u00edsicas en lo que respecta al tratamiento de datos personales y a la libre circulaci\u00f3n de estos datos y por el que se deroga la Directiva 95\/46\/CE, le informamos que los datos personales aqu\u00ed facilitados formar\u00e1n parte de un fichero titularidad del Ayuntamiento de Alfaro con la finalidad de atender su solicitud. El tratamiento de estos datos est\u00e1 legitimado en el ejercicio de la funci\u00f3n p\u00fablica atribuida a este Ayuntamiento (Ley 39\/2015, de 1 de octubre, del Procedimiento Administrativo Com\u00fan de las Administraciones P\u00fablicas, Real Decreto 1690\/1986 de 11 de julio, por el que se aprueba el Reglamento de Poblaci\u00f3n y Demarcaci\u00f3n Territorial de las Entidades Locales o la Ley 8\/1989 de 13 de abril, de Tasas y Precios P\u00fablicos entre otras) as\u00ed como en el consentimiento expreso facilitado por el propio interesado.<\/p>\r\n<p>\u00a0\u00a0\u00a0Los campos marcados con un asterisco (*) son de cumplimentaci\u00f3n obligatoria para el usuario. La no aportaci\u00f3n de los obligatorios har\u00e1 imposible la prestaci\u00f3n del servicio solicitado por el usuario.<\/p>\r\n<p>\u00a0\u00a0\u00a0Estos datos no ser\u00e1n comunicados a terceros salvo que sea necesario para cumplir con la finalidad para la que fueron recabados, en cuyo caso, ser\u00e1 informado previamente de ello. Sin perjuicio de ello, no se prev\u00e9n transferencias internacionales de datos.<\/p>\r\n<p>\u00a0\u00a0\u00a0No obstante, Ud. tiene derecho a solicitar el acceso a sus datos personales, derecho a solicitar su rectificaci\u00f3n o supresi\u00f3n, derecho a solicitar la limitaci\u00f3n de su tratamiento, derecho a oponerse al tratamiento y derecho a la portabilidad de sus datos. As\u00ed mismo tiene derecho a retirar su consentimiento para el tratamiento de sus datos.<\/p>\r\n<p>\u00a0\u00a0\u00a0Para ello puede ponerse en contacto con nosotros, adjuntando su solicitud y copia de su DNI, en:<\/p>\r\n<p align=\"center\">AYUNTAMIENTO DE ALFARO<br \/>P-2601100-G<br \/>Calle Las Pozas n\u00ba 14. 26540 Alfaro<br \/>O rellenando el\u00a0<a href=\"https:\/\/alfaro.es\/ProteccionDatos\/formulario.php\">formulario<\/a><\/p>\r\n<p>Delegado de protecci\u00f3n de datos: M\u00aa Judit Garc\u00eda Llorente.<\/p>\r\n<p>\u00a0\u00a0\u00a0El usuario responder\u00e1, en cualquier caso, de la veracidad de los datos facilitados, reserv\u00e1ndose esta entidad el derecho a excluir de los servicios registrados a todo usuario que haya facilitado datos falsos.<\/p>\r\n<p>\u00a0\u00a0\u00a0En caso de que sienta vulnerados alguno de sus derechos anteriormente indicados, especialmente cuando no haya obtenido satisfacci\u00f3n en el ejercicio de los mismos, puede presentar una reclamaci\u00f3n ante la Autoridad de control en materia de protecci\u00f3n de datos competente, a trav\u00e9s del sitio web www.agpd.es.<\/p>\r\n","protected":false},"excerpt":{"rendered":"<p>\u00a0\u00a0\u00a0De acuerdo con la L.O. 3\/2018 de 5 de diciembre, de Protecci\u00f3n de Datos Personales y garant\u00eda de los derechos digitales y el Reglamento del Parlamento Europeo y del Consejo 2016\/679, de 26 de abril, relativo a la protecci\u00f3n de las personas f\u00edsicas en lo que respecta al tratamiento de datos personales y a la [&hellip;]<\/p>\n","protected":false},"author":1,"featured_media":0,"parent":0,"menu_order":0,"comment_status":"closed","ping_status":"closed","template":"","meta":{"_acf_changed":false,"_monsterinsights_skip_tracking":false,"_monsterinsights_sitenote_active":false,"_monsterinsights_sitenote_note":"","_monsterinsights_sitenote_category":0,"footnotes":""},"class_list":["post-3","page","type-page","status-publish","hentry"],"acf":[],"yoast_head":"<!-- This site is optimized with the Yoast SEO plugin v24.6 - https:\/\/yoast.com\/wordpress\/plugins\/seo\/ -->\n<title>Pol\u00edtica de privacidad - Plan de Acci\u00f3n Alfaro<\/title>\n<meta name=\"robots\" content=\"index, follow, max-snippet:-1, max-image-preview:large, max-video-preview:-1\" \/>\n<link rel=\"canonical\" href=\"https:\/\/alfaro.es\/agendaurbana\/politica-de-privacidad\/\" \/>\n<meta property=\"og:locale\" content=\"es_ES\" \/>\n<meta property=\"og:type\" content=\"article\" \/>\n<meta property=\"og:title\" content=\"Pol\u00edtica de privacidad - Plan de Acci\u00f3n Alfaro\" \/>\n<meta property=\"og:description\" content=\"\u00a0\u00a0\u00a0De acuerdo con la L.O. 3\/2018 de 5 de diciembre, de Protecci\u00f3n de Datos Personales y garant\u00eda de los derechos digitales y el Reglamento del Parlamento Europeo y del Consejo 2016\/679, de 26 de abril, relativo a la protecci\u00f3n de las personas f\u00edsicas en lo que respecta al tratamiento de datos personales y a la [&hellip;]\" \/>\n<meta property=\"og:url\" content=\"https:\/\/alfaro.es\/agendaurbana\/politica-de-privacidad\/\" \/>\n<meta property=\"og:site_name\" content=\"Plan de Acci\u00f3n Alfaro\" \/>\n<meta property=\"article:modified_time\" content=\"2022-08-18T08:22:20+00:00\" \/>\n<meta name=\"twitter:card\" content=\"summary_large_image\" \/>\n<meta name=\"twitter:label1\" content=\"Tiempo de lectura\" \/>\n\t<meta name=\"twitter:data1\" content=\"2 minutos\" \/>\n<script type=\"application\/ld+json\" class=\"yoast-schema-graph\">{\"@context\":\"https:\/\/schema.org\",\"@graph\":[{\"@type\":\"WebPage\",\"@id\":\"https:\/\/alfaro.es\/agendaurbana\/politica-de-privacidad\/\",\"url\":\"https:\/\/alfaro.es\/agendaurbana\/politica-de-privacidad\/\",\"name\":\"Pol\u00edtica de privacidad - Plan de Acci\u00f3n Alfaro\",\"isPartOf\":{\"@id\":\"https:\/\/alfaro.es\/agendaurbana\/#website\"},\"datePublished\":\"2022-04-01T14:10:41+00:00\",\"dateModified\":\"2022-08-18T08:22:20+00:00\",\"breadcrumb\":{\"@id\":\"https:\/\/alfaro.es\/agendaurbana\/politica-de-privacidad\/#breadcrumb\"},\"inLanguage\":\"es\",\"potentialAction\":[{\"@type\":\"ReadAction\",\"target\":[\"https:\/\/alfaro.es\/agendaurbana\/politica-de-privacidad\/\"]}]},{\"@type\":\"BreadcrumbList\",\"@id\":\"https:\/\/alfaro.es\/agendaurbana\/politica-de-privacidad\/#breadcrumb\",\"itemListElement\":[{\"@type\":\"ListItem\",\"position\":1,\"name\":\"Portada\",\"item\":\"https:\/\/alfaro.es\/agendaurbana\/\"},{\"@type\":\"ListItem\",\"position\":2,\"name\":\"Pol\u00edtica de privacidad\"}]},{\"@type\":\"WebSite\",\"@id\":\"https:\/\/alfaro.es\/agendaurbana\/#website\",\"url\":\"https:\/\/alfaro.es\/agendaurbana\/\",\"name\":\"Plan de Acci\u00f3n Alfaro\",\"description\":\"Agenda Urbana\",\"publisher\":{\"@id\":\"https:\/\/alfaro.es\/agendaurbana\/#organization\"},\"potentialAction\":[{\"@type\":\"SearchAction\",\"target\":{\"@type\":\"EntryPoint\",\"urlTemplate\":\"https:\/\/alfaro.es\/agendaurbana\/?s={search_term_string}\"},\"query-input\":{\"@type\":\"PropertyValueSpecification\",\"valueRequired\":true,\"valueName\":\"search_term_string\"}}],\"inLanguage\":\"es\"},{\"@type\":\"Organization\",\"@id\":\"https:\/\/alfaro.es\/agendaurbana\/#organization\",\"name\":\"Plan de acci\u00f3n Urbana Alfaro\",\"url\":\"https:\/\/alfaro.es\/agendaurbana\/\",\"logo\":{\"@type\":\"ImageObject\",\"inLanguage\":\"es\",\"@id\":\"https:\/\/alfaro.es\/agendaurbana\/#\/schema\/logo\/image\/\",\"url\":\"https:\/\/alfaro.es\/agendaurbana\/wp-content\/uploads\/2022\/04\/agenda-urbana-alfaro.svg\",\"contentUrl\":\"https:\/\/alfaro.es\/agendaurbana\/wp-content\/uploads\/2022\/04\/agenda-urbana-alfaro.svg\",\"width\":64,\"height\":28,\"caption\":\"Plan de acci\u00f3n Urbana Alfaro\"},\"image\":{\"@id\":\"https:\/\/alfaro.es\/agendaurbana\/#\/schema\/logo\/image\/\"}}]}<\/script>\n<!-- \/ Yoast SEO plugin. -->","yoast_head_json":{"title":"Pol\u00edtica de privacidad - Plan de Acci\u00f3n Alfaro","robots":{"index":"index","follow":"follow","max-snippet":"max-snippet:-1","max-image-preview":"max-image-preview:large","max-video-preview":"max-video-preview:-1"},"canonical":"https:\/\/alfaro.es\/agendaurbana\/politica-de-privacidad\/","og_locale":"es_ES","og_type":"article","og_title":"Pol\u00edtica de privacidad - Plan de Acci\u00f3n Alfaro","og_description":"\u00a0\u00a0\u00a0De acuerdo con la L.O. 3\/2018 de 5 de diciembre, de Protecci\u00f3n de Datos Personales y garant\u00eda de los derechos digitales y el Reglamento del Parlamento Europeo y del Consejo 2016\/679, de 26 de abril, relativo a la protecci\u00f3n de las personas f\u00edsicas en lo que respecta al tratamiento de datos personales y a la [&hellip;]","og_url":"https:\/\/alfaro.es\/agendaurbana\/politica-de-privacidad\/","og_site_name":"Plan de Acci\u00f3n Alfaro","article_modified_time":"2022-08-18T08:22:20+00:00","twitter_card":"summary_large_image","twitter_misc":{"Tiempo de lectura":"2 minutos"},"schema":{"@context":"https:\/\/schema.org","@graph":[{"@type":"WebPage","@id":"https:\/\/alfaro.es\/agendaurbana\/politica-de-privacidad\/","url":"https:\/\/alfaro.es\/agendaurbana\/politica-de-privacidad\/","name":"Pol\u00edtica de privacidad - Plan de Acci\u00f3n Alfaro","isPartOf":{"@id":"https:\/\/alfaro.es\/agendaurbana\/#website"},"datePublished":"2022-04-01T14:10:41+00:00","dateModified":"2022-08-18T08:22:20+00:00","breadcrumb":{"@id":"https:\/\/alfaro.es\/agendaurbana\/politica-de-privacidad\/#breadcrumb"},"inLanguage":"es","potentialAction":[{"@type":"ReadAction","target":["https:\/\/alfaro.es\/agendaurbana\/politica-de-privacidad\/"]}]},{"@type":"BreadcrumbList","@id":"https:\/\/alfaro.es\/agendaurbana\/politica-de-privacidad\/#breadcrumb","itemListElement":[{"@type":"ListItem","position":1,"name":"Portada","item":"https:\/\/alfaro.es\/agendaurbana\/"},{"@type":"ListItem","position":2,"name":"Pol\u00edtica de privacidad"}]},{"@type":"WebSite","@id":"https:\/\/alfaro.es\/agendaurbana\/#website","url":"https:\/\/alfaro.es\/agendaurbana\/","name":"Plan de Acci\u00f3n Alfaro","description":"Agenda Urbana","publisher":{"@id":"https:\/\/alfaro.es\/agendaurbana\/#organization"},"potentialAction":[{"@type":"SearchAction","target":{"@type":"EntryPoint","urlTemplate":"https:\/\/alfaro.es\/agendaurbana\/?s={search_term_string}"},"query-input":{"@type":"PropertyValueSpecification","valueRequired":true,"valueName":"search_term_string"}}],"inLanguage":"es"},{"@type":"Organization","@id":"https:\/\/alfaro.es\/agendaurbana\/#organization","name":"Plan de acci\u00f3n Urbana Alfaro","url":"https:\/\/alfaro.es\/agendaurbana\/","logo":{"@type":"ImageObject","inLanguage":"es","@id":"https:\/\/alfaro.es\/agendaurbana\/#\/schema\/logo\/image\/","url":"https:\/\/alfaro.es\/agendaurbana\/wp-content\/uploads\/2022\/04\/agenda-urbana-alfaro.svg","contentUrl":"https:\/\/alfaro.es\/agendaurbana\/wp-content\/uploads\/2022\/04\/agenda-urbana-alfaro.svg","width":64,"height":28,"caption":"Plan de acci\u00f3n Urbana Alfaro"},"image":{"@id":"https:\/\/alfaro.es\/agendaurbana\/#\/schema\/logo\/image\/"}}]}},"_links":{"self":[{"href":"https:\/\/alfaro.es\/agendaurbana\/wp-json\/wp\/v2\/pages\/3","targetHints":{"allow":["GET"]}}],"collection":[{"href":"https:\/\/alfaro.es\/agendaurbana\/wp-json\/wp\/v2\/pages"}],"about":[{"href":"https:\/\/alfaro.es\/agendaurbana\/wp-json\/wp\/v2\/types\/page"}],"author":[{"embeddable":true,"href":"https:\/\/alfaro.es\/agendaurbana\/wp-json\/wp\/v2\/users\/1"}],"replies":[{"embeddable":true,"href":"https:\/\/alfaro.es\/agendaurbana\/wp-json\/wp\/v2\/comments?post=3"}],"version-history":[{"count":2,"href":"https:\/\/alfaro.es\/agendaurbana\/wp-json\/wp\/v2\/pages\/3\/revisions"}],"predecessor-version":[{"id":3130,"href":"https:\/\/alfaro.es\/agendaurbana\/wp-json\/wp\/v2\/pages\/3\/revisions\/3130"}],"wp:attachment":[{"href":"https:\/\/alfaro.es\/agendaurbana\/wp-json\/wp\/v2\/media?parent=3"}],"curies":[{"name":"wp","href":"https:\/\/api.w.org\/{rel}","templated":true}]}}