{"id":2,"date":"2022-04-01T14:10:41","date_gmt":"2022-04-01T14:10:41","guid":{"rendered":"https:\/\/alfaro.es\/agendaurbana\/?page_id=2"},"modified":"2022-09-14T12:21:25","modified_gmt":"2022-09-14T10:21:25","slug":"inicio","status":"publish","type":"page","link":"https:\/\/alfaro.es\/agendaurbana\/","title":{"rendered":"Inicio"},"content":{"rendered":"\t\t<div data-elementor-type=\"wp-page\" data-elementor-id=\"2\" class=\"elementor elementor-2\" data-elementor-settings=\"{&quot;ha_cmc_init_switcher&quot;:&quot;no&quot;}\">\n\t\t\t\t\t\t<section class=\"elementor-section elementor-top-section elementor-element elementor-element-39834be elementor-hidden-desktop elementor-hidden-tablet elementor-section-boxed elementor-section-height-default elementor-section-height-default\" data-id=\"39834be\" data-element_type=\"section\" data-settings=\"{&quot;_ha_eqh_enable&quot;:false}\">\n\t\t\t\t\t\t<div class=\"elementor-container elementor-column-gap-default\">\n\t\t\t\t\t<div class=\"elementor-column elementor-col-100 elementor-top-column elementor-element elementor-element-72e9136\" data-id=\"72e9136\" data-element_type=\"column\" id=\"bloque-movil\">\n\t\t\t<div class=\"elementor-widget-wrap elementor-element-populated\">\n\t\t\t\t\t\t<div class=\"elementor-element elementor-element-98f2422 elementor-widget elementor-widget-image\" data-id=\"98f2422\" data-element_type=\"widget\" data-widget_type=\"image.default\">\n\t\t\t\t<div class=\"elementor-widget-container\">\n\t\t\t\t\t\t\t\t\t\t\t\t\t\t\t<img fetchpriority=\"high\" decoding=\"async\" width=\"800\" height=\"758\" src=\"https:\/\/alfaro.es\/agendaurbana\/wp-content\/uploads\/2022\/08\/home-movil.jpg\" class=\"attachment-large size-large wp-image-2931\" alt=\"\" srcset=\"https:\/\/alfaro.es\/agendaurbana\/wp-content\/uploads\/2022\/08\/home-movil.jpg 1000w, https:\/\/alfaro.es\/agendaurbana\/wp-content\/uploads\/2022\/08\/home-movil-300x284.jpg 300w, https:\/\/alfaro.es\/agendaurbana\/wp-content\/uploads\/2022\/08\/home-movil-768x727.jpg 768w\" sizes=\"(max-width: 800px) 100vw, 800px\" \/>\t\t\t\t\t\t\t\t\t\t\t\t\t\t\t<\/div>\n\t\t\t\t<\/div>\n\t\t\t\t<div class=\"elementor-element elementor-element-47eb70e elementor-widget elementor-widget-image\" data-id=\"47eb70e\" data-element_type=\"widget\" data-widget_type=\"image.default\">\n\t\t\t\t<div class=\"elementor-widget-container\">\n\t\t\t\t\t\t\t\t\t\t\t\t\t\t\t\t<a href=\"https:\/\/alfaro.es\/agendaurbana\/plan-de-accion-alfaro\/\">\n\t\t\t\t\t\t\t<img decoding=\"async\" width=\"700\" height=\"556\" src=\"https:\/\/alfaro.es\/agendaurbana\/wp-content\/uploads\/2022\/07\/plan-accion-alfaro.png\" class=\"attachment-medium_large size-medium_large wp-image-2796\" alt=\"\" srcset=\"https:\/\/alfaro.es\/agendaurbana\/wp-content\/uploads\/2022\/07\/plan-accion-alfaro.png 700w, https:\/\/alfaro.es\/agendaurbana\/wp-content\/uploads\/2022\/07\/plan-accion-alfaro-300x238.png 300w\" sizes=\"(max-width: 700px) 100vw, 700px\" \/>\t\t\t\t\t\t\t\t<\/a>\n\t\t\t\t\t\t\t\t\t\t\t\t\t\t\t<\/div>\n\t\t\t\t<\/div>\n\t\t\t\t<section class=\"elementor-section elementor-inner-section elementor-element elementor-element-b8e8d38 elementor-section-boxed elementor-section-height-default elementor-section-height-default\" data-id=\"b8e8d38\" data-element_type=\"section\" data-settings=\"{&quot;_ha_eqh_enable&quot;:false}\">\n\t\t\t\t\t\t<div class=\"elementor-container elementor-column-gap-default\">\n\t\t\t\t\t<div class=\"elementor-column elementor-col-50 elementor-inner-column elementor-element elementor-element-0ea7ce6\" data-id=\"0ea7ce6\" data-element_type=\"column\">\n\t\t\t<div class=\"elementor-widget-wrap elementor-element-populated\">\n\t\t\t\t\t\t<div class=\"elementor-element elementor-element-c5405ec elementor-align-right elementor-mobile-align-center elementor-widget elementor-widget-button\" data-id=\"c5405ec\" data-element_type=\"widget\" data-widget_type=\"button.default\">\n\t\t\t\t<div class=\"elementor-widget-container\">\n\t\t\t\t\t\t\t\t\t<div class=\"elementor-button-wrapper\">\n\t\t\t\t\t<a class=\"elementor-button elementor-button-link elementor-size-sm\" href=\"#elementor-action%3Aaction%3Dpopup%3Aopen%26settings%3DeyJpZCI6IjMxNjciLCJ0b2dnbGUiOmZhbHNlfQ%3D%3D\">\n\t\t\t\t\t\t<span class=\"elementor-button-content-wrapper\">\n\t\t\t\t\t\t\t\t\t<span class=\"elementor-button-text\">Ver video<\/span>\n\t\t\t\t\t<\/span>\n\t\t\t\t\t<\/a>\n\t\t\t\t<\/div>\n\t\t\t\t\t\t\t\t<\/div>\n\t\t\t\t<\/div>\n\t\t\t\t\t<\/div>\n\t\t<\/div>\n\t\t\t\t<div class=\"elementor-column elementor-col-50 elementor-inner-column elementor-element elementor-element-57aac9c\" data-id=\"57aac9c\" data-element_type=\"column\">\n\t\t\t<div class=\"elementor-widget-wrap elementor-element-populated\">\n\t\t\t\t\t\t<div class=\"elementor-element elementor-element-23502e3 elementor-align-right elementor-mobile-align-center elementor-widget elementor-widget-button\" data-id=\"23502e3\" data-element_type=\"widget\" data-widget_type=\"button.default\">\n\t\t\t\t<div class=\"elementor-widget-container\">\n\t\t\t\t\t\t\t\t\t<div class=\"elementor-button-wrapper\">\n\t\t\t\t\t<a class=\"elementor-button elementor-button-link elementor-size-sm\" href=\"#elementor-action%3Aaction%3Dpopup%3Aopen%26settings%3DeyJpZCI6IjMxNzAiLCJ0b2dnbGUiOmZhbHNlfQ%3D%3D\">\n\t\t\t\t\t\t<span class=\"elementor-button-content-wrapper\">\n\t\t\t\t\t\t\t\t\t<span class=\"elementor-button-text\">View video<\/span>\n\t\t\t\t\t<\/span>\n\t\t\t\t\t<\/a>\n\t\t\t\t<\/div>\n\t\t\t\t\t\t\t\t<\/div>\n\t\t\t\t<\/div>\n\t\t\t\t\t<\/div>\n\t\t<\/div>\n\t\t\t\t\t<\/div>\n\t\t<\/section>\n\t\t\t\t<section class=\"elementor-section elementor-inner-section elementor-element elementor-element-0e60964 elementor-section-boxed elementor-section-height-default elementor-section-height-default\" data-id=\"0e60964\" data-element_type=\"section\" data-settings=\"{&quot;_ha_eqh_enable&quot;:false}\">\n\t\t\t\t\t\t<div class=\"elementor-container elementor-column-gap-default\">\n\t\t\t\t\t<div class=\"elementor-column elementor-col-50 elementor-inner-column elementor-element elementor-element-41fdf53\" data-id=\"41fdf53\" data-element_type=\"column\">\n\t\t\t<div class=\"elementor-widget-wrap elementor-element-populated\">\n\t\t\t\t\t\t<div class=\"elementor-element elementor-element-eedf0a5 elementor-mobile-align-justify elementor-widget elementor-widget-button\" data-id=\"eedf0a5\" data-element_type=\"widget\" data-widget_type=\"button.default\">\n\t\t\t\t<div class=\"elementor-widget-container\">\n\t\t\t\t\t\t\t\t\t<div class=\"elementor-button-wrapper\">\n\t\t\t\t\t<a class=\"elementor-button elementor-button-link elementor-size-sm elementor-animation-grow\" href=\"https:\/\/alfaro.es\/agendaurbana\/au-espanola\/\">\n\t\t\t\t\t\t<span class=\"elementor-button-content-wrapper\">\n\t\t\t\t\t\t\t\t\t<span class=\"elementor-button-text\">AU Espa\u00f1ola<\/span>\n\t\t\t\t\t<\/span>\n\t\t\t\t\t<\/a>\n\t\t\t\t<\/div>\n\t\t\t\t\t\t\t\t<\/div>\n\t\t\t\t<\/div>\n\t\t\t\t\t<\/div>\n\t\t<\/div>\n\t\t\t\t<div class=\"elementor-column elementor-col-50 elementor-inner-column elementor-element elementor-element-22b026d\" data-id=\"22b026d\" data-element_type=\"column\">\n\t\t\t<div class=\"elementor-widget-wrap elementor-element-populated\">\n\t\t\t\t\t\t<div class=\"elementor-element elementor-element-6849a4e elementor-mobile-align-justify elementor-widget elementor-widget-button\" data-id=\"6849a4e\" data-element_type=\"widget\" data-widget_type=\"button.default\">\n\t\t\t\t<div class=\"elementor-widget-container\">\n\t\t\t\t\t\t\t\t\t<div class=\"elementor-button-wrapper\">\n\t\t\t\t\t<a class=\"elementor-button elementor-button-link elementor-size-sm elementor-animation-grow\" href=\"https:\/\/alfaro.es\/agendaurbana\/plan-de-accion-alfaro\/\">\n\t\t\t\t\t\t<span class=\"elementor-button-content-wrapper\">\n\t\t\t\t\t\t\t\t\t<span class=\"elementor-button-text\">Plan de acci\u00f3n de Alfaro<\/span>\n\t\t\t\t\t<\/span>\n\t\t\t\t\t<\/a>\n\t\t\t\t<\/div>\n\t\t\t\t\t\t\t\t<\/div>\n\t\t\t\t<\/div>\n\t\t\t\t\t<\/div>\n\t\t<\/div>\n\t\t\t\t\t<\/div>\n\t\t<\/section>\n\t\t\t\t<section class=\"elementor-section elementor-inner-section elementor-element elementor-element-d716246 elementor-section-boxed elementor-section-height-default elementor-section-height-default\" data-id=\"d716246\" data-element_type=\"section\" data-settings=\"{&quot;_ha_eqh_enable&quot;:false}\">\n\t\t\t\t\t\t<div class=\"elementor-container elementor-column-gap-default\">\n\t\t\t\t\t<div class=\"elementor-column elementor-col-50 elementor-inner-column elementor-element elementor-element-a5566ce\" data-id=\"a5566ce\" data-element_type=\"column\">\n\t\t\t<div class=\"elementor-widget-wrap elementor-element-populated\">\n\t\t\t\t\t\t<div class=\"elementor-element elementor-element-f3adceb elementor-mobile-align-justify elementor-widget elementor-widget-button\" data-id=\"f3adceb\" data-element_type=\"widget\" data-widget_type=\"button.default\">\n\t\t\t\t<div class=\"elementor-widget-container\">\n\t\t\t\t\t\t\t\t\t<div class=\"elementor-button-wrapper\">\n\t\t\t\t\t<a class=\"elementor-button elementor-button-link elementor-size-sm elementor-animation-grow\" href=\"https:\/\/alfaro.es\/agendaurbana\/novedades\/\">\n\t\t\t\t\t\t<span class=\"elementor-button-content-wrapper\">\n\t\t\t\t\t\t\t\t\t<span class=\"elementor-button-text\">Novedades<\/span>\n\t\t\t\t\t<\/span>\n\t\t\t\t\t<\/a>\n\t\t\t\t<\/div>\n\t\t\t\t\t\t\t\t<\/div>\n\t\t\t\t<\/div>\n\t\t\t\t\t<\/div>\n\t\t<\/div>\n\t\t\t\t<div class=\"elementor-column elementor-col-50 elementor-inner-column elementor-element elementor-element-abb38fb\" data-id=\"abb38fb\" data-element_type=\"column\">\n\t\t\t<div class=\"elementor-widget-wrap elementor-element-populated\">\n\t\t\t\t\t\t<div class=\"elementor-element elementor-element-4424a77 elementor-mobile-align-justify elementor-widget elementor-widget-button\" data-id=\"4424a77\" data-element_type=\"widget\" data-widget_type=\"button.default\">\n\t\t\t\t<div class=\"elementor-widget-container\">\n\t\t\t\t\t\t\t\t\t<div class=\"elementor-button-wrapper\">\n\t\t\t\t\t<a class=\"elementor-button elementor-button-link elementor-size-sm elementor-animation-grow\" href=\"https:\/\/alfaro.es\/agendaurbana\/participa\/\">\n\t\t\t\t\t\t<span class=\"elementor-button-content-wrapper\">\n\t\t\t\t\t\t\t\t\t<span class=\"elementor-button-text\">Participaci\u00f3n<\/span>\n\t\t\t\t\t<\/span>\n\t\t\t\t\t<\/a>\n\t\t\t\t<\/div>\n\t\t\t\t\t\t\t\t<\/div>\n\t\t\t\t<\/div>\n\t\t\t\t\t<\/div>\n\t\t<\/div>\n\t\t\t\t\t<\/div>\n\t\t<\/section>\n\t\t\t\t\t<\/div>\n\t\t<\/div>\n\t\t\t\t\t<\/div>\n\t\t<\/section>\n\t\t\t\t<section class=\"elementor-section elementor-top-section elementor-element elementor-element-5c960dfb elementor-section-height-min-height elementor-section-items-stretch elementor-hidden-mobile elementor-section-boxed elementor-section-height-default\" data-id=\"5c960dfb\" data-element_type=\"section\" id=\"bloque-circulo\" data-settings=\"{&quot;background_motion_fx_mouseTrack_effect&quot;:&quot;yes&quot;,&quot;background_motion_fx_mouseTrack_direction&quot;:&quot;negative&quot;,&quot;background_motion_fx_mouseTrack_speed&quot;:{&quot;unit&quot;:&quot;px&quot;,&quot;size&quot;:0.7,&quot;sizes&quot;:[]},&quot;_ha_eqh_enable&quot;:false}\">\n\t\t\t\t\t\t<div class=\"elementor-container elementor-column-gap-default\">\n\t\t\t\t\t<div class=\"elementor-column elementor-col-33 elementor-top-column elementor-element elementor-element-b040e96\" data-id=\"b040e96\" data-element_type=\"column\">\n\t\t\t<div class=\"elementor-widget-wrap elementor-element-populated\">\n\t\t\t\t\t\t<div class=\"elementor-element elementor-element-58c7594 elementor-invisible elementor-widget elementor-widget-heading\" data-id=\"58c7594\" data-element_type=\"widget\" data-settings=\"{&quot;_animation&quot;:&quot;fadeInLeft&quot;}\" data-widget_type=\"heading.default\">\n\t\t\t\t<div class=\"elementor-widget-container\">\n\t\t\t\t\t<h4 class=\"elementor-heading-title elementor-size-default\">Mantente al d\u00eda de las nuevas acciones y participa en su desarrollo<\/h4>\t\t\t\t<\/div>\n\t\t\t\t<\/div>\n\t\t\t\t\t<\/div>\n\t\t<\/div>\n\t\t\t\t<div class=\"elementor-column elementor-col-33 elementor-top-column elementor-element elementor-element-53dfe18\" data-id=\"53dfe18\" data-element_type=\"column\">\n\t\t\t<div class=\"elementor-widget-wrap elementor-element-populated\">\n\t\t\t\t\t\t<div class=\"elementor-element elementor-element-494cc3b elementor-invisible elementor-widget elementor-widget-image\" data-id=\"494cc3b\" data-element_type=\"widget\" id=\"btn-plan\" data-settings=\"{&quot;_animation&quot;:&quot;fadeIn&quot;}\" data-widget_type=\"image.default\">\n\t\t\t\t<div class=\"elementor-widget-container\">\n\t\t\t\t\t\t\t\t\t\t\t\t\t\t\t<img decoding=\"async\" width=\"700\" height=\"556\" src=\"https:\/\/alfaro.es\/agendaurbana\/wp-content\/uploads\/2022\/07\/plan-accion-alfaro.png\" class=\"elementor-animation-grow attachment-large size-large wp-image-2796\" alt=\"\" srcset=\"https:\/\/alfaro.es\/agendaurbana\/wp-content\/uploads\/2022\/07\/plan-accion-alfaro.png 700w, https:\/\/alfaro.es\/agendaurbana\/wp-content\/uploads\/2022\/07\/plan-accion-alfaro-300x238.png 300w\" sizes=\"(max-width: 700px) 100vw, 700px\" \/>\t\t\t\t\t\t\t\t\t\t\t\t\t\t\t<\/div>\n\t\t\t\t<\/div>\n\t\t\t\t\t<\/div>\n\t\t<\/div>\n\t\t\t\t<div class=\"elementor-column elementor-col-33 elementor-top-column elementor-element elementor-element-0c97cc9\" data-id=\"0c97cc9\" data-element_type=\"column\">\n\t\t\t<div class=\"elementor-widget-wrap elementor-element-populated\">\n\t\t\t\t\t\t<div class=\"elementor-element elementor-element-404bfa8 elementor-invisible elementor-widget elementor-widget-heading\" data-id=\"404bfa8\" data-element_type=\"widget\" data-settings=\"{&quot;_animation&quot;:&quot;fadeInRight&quot;}\" data-widget_type=\"heading.default\">\n\t\t\t\t<div class=\"elementor-widget-container\">\n\t\t\t\t\t<h4 class=\"elementor-heading-title elementor-size-default\">Conoce el plan de acci\u00f3n, su estructura y acciones.<\/h4>\t\t\t\t<\/div>\n\t\t\t\t<\/div>\n\t\t\t\t<div class=\"elementor-element elementor-element-4e2dfc0 elementor-widget elementor-widget-html\" data-id=\"4e2dfc0\" data-element_type=\"widget\" data-widget_type=\"html.default\">\n\t\t\t\t<div class=\"elementor-widget-container\">\n\t\t\t\t\t<script>\n  \/*  window.onload = function() {\n     var bloq = document.getElementById('bloque-circulo');\n     bloq.classList.add(\"fin\");\n     var blm = document.getElementById('bloque-movil');\n     blm.classList.add(\"fin\");\n};*\/\n    var btn = document.getElementById('btn-plan');\n    btn.onclick = function(){\n        var bloq = document.getElementById('bloque-circulo');\n        bloq.classList.add(\"fin\");\n        setTimeout(function(){\n            window.location.href = \"https:\/\/alfaro.es\/agendaurbana\/plan-de-accion-alfaro\/\";\n        }, 1000);\n        \n    };\n\n<\/script>\t\t\t\t<\/div>\n\t\t\t\t<\/div>\n\t\t\t\t\t<\/div>\n\t\t<\/div>\n\t\t\t\t\t<\/div>\n\t\t<\/section>\n\t\t\t\t<section class=\"elementor-section elementor-top-section elementor-element elementor-element-c45ba26 elementor-hidden-mobile elementor-section-boxed elementor-section-height-default elementor-section-height-default\" data-id=\"c45ba26\" data-element_type=\"section\" data-settings=\"{&quot;_ha_eqh_enable&quot;:false}\">\n\t\t\t\t\t\t<div class=\"elementor-container elementor-column-gap-default\">\n\t\t\t\t\t<div class=\"elementor-column elementor-col-20 elementor-top-column elementor-element elementor-element-df83793\" data-id=\"df83793\" data-element_type=\"column\">\n\t\t\t<div class=\"elementor-widget-wrap\">\n\t\t\t\t\t\t\t<\/div>\n\t\t<\/div>\n\t\t\t\t<div class=\"elementor-column elementor-col-20 elementor-top-column elementor-element elementor-element-809c2bf\" data-id=\"809c2bf\" data-element_type=\"column\">\n\t\t\t<div class=\"elementor-widget-wrap\">\n\t\t\t\t\t\t\t<\/div>\n\t\t<\/div>\n\t\t\t\t<div class=\"elementor-column elementor-col-20 elementor-top-column elementor-element elementor-element-acc4533\" data-id=\"acc4533\" data-element_type=\"column\">\n\t\t\t<div class=\"elementor-widget-wrap\">\n\t\t\t\t\t\t\t<\/div>\n\t\t<\/div>\n\t\t\t\t<div class=\"elementor-column elementor-col-20 elementor-top-column elementor-element elementor-element-98b1b6f\" data-id=\"98b1b6f\" data-element_type=\"column\">\n\t\t\t<div class=\"elementor-widget-wrap elementor-element-populated\">\n\t\t\t\t\t\t<div class=\"elementor-element elementor-element-0eece52 elementor-align-right elementor-widget elementor-widget-button\" data-id=\"0eece52\" data-element_type=\"widget\" data-widget_type=\"button.default\">\n\t\t\t\t<div class=\"elementor-widget-container\">\n\t\t\t\t\t\t\t\t\t<div class=\"elementor-button-wrapper\">\n\t\t\t\t\t<a class=\"elementor-button elementor-button-link elementor-size-sm\" href=\"#elementor-action%3Aaction%3Dpopup%3Aopen%26settings%3DeyJpZCI6IjMxNjciLCJ0b2dnbGUiOmZhbHNlfQ%3D%3D\">\n\t\t\t\t\t\t<span class=\"elementor-button-content-wrapper\">\n\t\t\t\t\t\t\t\t\t<span class=\"elementor-button-text\">Ver video<\/span>\n\t\t\t\t\t<\/span>\n\t\t\t\t\t<\/a>\n\t\t\t\t<\/div>\n\t\t\t\t\t\t\t\t<\/div>\n\t\t\t\t<\/div>\n\t\t\t\t\t<\/div>\n\t\t<\/div>\n\t\t\t\t<div class=\"elementor-column elementor-col-20 elementor-top-column elementor-element elementor-element-fadd50a\" data-id=\"fadd50a\" data-element_type=\"column\">\n\t\t\t<div class=\"elementor-widget-wrap elementor-element-populated\">\n\t\t\t\t\t\t<div class=\"elementor-element elementor-element-ab6135e elementor-align-right elementor-widget elementor-widget-button\" data-id=\"ab6135e\" data-element_type=\"widget\" data-widget_type=\"button.default\">\n\t\t\t\t<div class=\"elementor-widget-container\">\n\t\t\t\t\t\t\t\t\t<div class=\"elementor-button-wrapper\">\n\t\t\t\t\t<a class=\"elementor-button elementor-button-link elementor-size-sm\" href=\"#elementor-action%3Aaction%3Dpopup%3Aopen%26settings%3DeyJpZCI6IjMxNzAiLCJ0b2dnbGUiOmZhbHNlfQ%3D%3D\">\n\t\t\t\t\t\t<span class=\"elementor-button-content-wrapper\">\n\t\t\t\t\t\t\t\t\t<span class=\"elementor-button-text\">View video<\/span>\n\t\t\t\t\t<\/span>\n\t\t\t\t\t<\/a>\n\t\t\t\t<\/div>\n\t\t\t\t\t\t\t\t<\/div>\n\t\t\t\t<\/div>\n\t\t\t\t\t<\/div>\n\t\t<\/div>\n\t\t\t\t\t<\/div>\n\t\t<\/section>\n\t\t\t\t<\/div>\n\t\t","protected":false},"excerpt":{"rendered":"<p>Ver video View video AU Espa\u00f1ola Plan de acci\u00f3n de Alfaro Novedades Participaci\u00f3n Mantente al d\u00eda de las nuevas acciones y participa en su desarrollo Conoce el plan de acci\u00f3n, su estructura y acciones. Ver video View video<\/p>\n","protected":false},"author":1,"featured_media":0,"parent":0,"menu_order":0,"comment_status":"closed","ping_status":"closed","template":"","meta":{"_acf_changed":false,"_monsterinsights_skip_tracking":false,"_monsterinsights_sitenote_active":false,"_monsterinsights_sitenote_note":"","_monsterinsights_sitenote_category":0,"footnotes":""},"class_list":["post-2","page","type-page","status-publish","hentry"],"acf":[],"yoast_head":"<!-- This site is optimized with the Yoast SEO plugin v24.6 - https:\/\/yoast.com\/wordpress\/plugins\/seo\/ -->\n<title>Inicio - Plan de Acci\u00f3n Alfaro<\/title>\n<meta name=\"robots\" content=\"index, follow, max-snippet:-1, max-image-preview:large, max-video-preview:-1\" \/>\n<link rel=\"canonical\" href=\"https:\/\/alfaro.es\/agendaurbana\/\" \/>\n<meta property=\"og:locale\" content=\"es_ES\" \/>\n<meta property=\"og:type\" content=\"article\" \/>\n<meta property=\"og:title\" content=\"Inicio - Plan de Acci\u00f3n Alfaro\" \/>\n<meta property=\"og:description\" content=\"Ver video View video AU Espa\u00f1ola Plan de acci\u00f3n de Alfaro Novedades Participaci\u00f3n Mantente al d\u00eda de las nuevas acciones y participa en su desarrollo Conoce el plan de acci\u00f3n, su estructura y acciones. Ver video View video\" \/>\n<meta property=\"og:url\" content=\"https:\/\/alfaro.es\/agendaurbana\/\" \/>\n<meta property=\"og:site_name\" content=\"Plan de Acci\u00f3n Alfaro\" \/>\n<meta property=\"article:modified_time\" content=\"2022-09-14T10:21:25+00:00\" \/>\n<meta property=\"og:image\" content=\"https:\/\/alfaro.es\/agendaurbana\/wp-content\/uploads\/2022\/08\/home-movil.jpg\" \/>\n<meta name=\"twitter:card\" content=\"summary_large_image\" \/>\n<meta name=\"twitter:label1\" content=\"Tiempo de lectura\" \/>\n\t<meta name=\"twitter:data1\" content=\"1 minuto\" \/>\n<script type=\"application\/ld+json\" class=\"yoast-schema-graph\">{\"@context\":\"https:\/\/schema.org\",\"@graph\":[{\"@type\":\"WebPage\",\"@id\":\"https:\/\/alfaro.es\/agendaurbana\/\",\"url\":\"https:\/\/alfaro.es\/agendaurbana\/\",\"name\":\"Inicio - Plan de Acci\u00f3n Alfaro\",\"isPartOf\":{\"@id\":\"https:\/\/alfaro.es\/agendaurbana\/#website\"},\"primaryImageOfPage\":{\"@id\":\"https:\/\/alfaro.es\/agendaurbana\/#primaryimage\"},\"image\":{\"@id\":\"https:\/\/alfaro.es\/agendaurbana\/#primaryimage\"},\"thumbnailUrl\":\"https:\/\/alfaro.es\/agendaurbana\/wp-content\/uploads\/2022\/08\/home-movil.jpg\",\"datePublished\":\"2022-04-01T14:10:41+00:00\",\"dateModified\":\"2022-09-14T10:21:25+00:00\",\"breadcrumb\":{\"@id\":\"https:\/\/alfaro.es\/agendaurbana\/#breadcrumb\"},\"inLanguage\":\"es\",\"potentialAction\":[{\"@type\":\"ReadAction\",\"target\":[\"https:\/\/alfaro.es\/agendaurbana\/\"]}]},{\"@type\":\"ImageObject\",\"inLanguage\":\"es\",\"@id\":\"https:\/\/alfaro.es\/agendaurbana\/#primaryimage\",\"url\":\"https:\/\/alfaro.es\/agendaurbana\/wp-content\/uploads\/2022\/08\/home-movil.jpg\",\"contentUrl\":\"https:\/\/alfaro.es\/agendaurbana\/wp-content\/uploads\/2022\/08\/home-movil.jpg\",\"width\":1000,\"height\":947},{\"@type\":\"BreadcrumbList\",\"@id\":\"https:\/\/alfaro.es\/agendaurbana\/#breadcrumb\",\"itemListElement\":[{\"@type\":\"ListItem\",\"position\":1,\"name\":\"Portada\",\"item\":\"https:\/\/alfaro.es\/agendaurbana\/\"},{\"@type\":\"ListItem\",\"position\":2,\"name\":\"Inicio\"}]},{\"@type\":\"WebSite\",\"@id\":\"https:\/\/alfaro.es\/agendaurbana\/#website\",\"url\":\"https:\/\/alfaro.es\/agendaurbana\/\",\"name\":\"Plan de Acci\u00f3n Alfaro\",\"description\":\"Agenda Urbana\",\"publisher\":{\"@id\":\"https:\/\/alfaro.es\/agendaurbana\/#organization\"},\"potentialAction\":[{\"@type\":\"SearchAction\",\"target\":{\"@type\":\"EntryPoint\",\"urlTemplate\":\"https:\/\/alfaro.es\/agendaurbana\/?s={search_term_string}\"},\"query-input\":{\"@type\":\"PropertyValueSpecification\",\"valueRequired\":true,\"valueName\":\"search_term_string\"}}],\"inLanguage\":\"es\"},{\"@type\":\"Organization\",\"@id\":\"https:\/\/alfaro.es\/agendaurbana\/#organization\",\"name\":\"Plan de acci\u00f3n Urbana Alfaro\",\"url\":\"https:\/\/alfaro.es\/agendaurbana\/\",\"logo\":{\"@type\":\"ImageObject\",\"inLanguage\":\"es\",\"@id\":\"https:\/\/alfaro.es\/agendaurbana\/#\/schema\/logo\/image\/\",\"url\":\"https:\/\/alfaro.es\/agendaurbana\/wp-content\/uploads\/2022\/04\/agenda-urbana-alfaro.svg\",\"contentUrl\":\"https:\/\/alfaro.es\/agendaurbana\/wp-content\/uploads\/2022\/04\/agenda-urbana-alfaro.svg\",\"width\":64,\"height\":28,\"caption\":\"Plan de acci\u00f3n Urbana Alfaro\"},\"image\":{\"@id\":\"https:\/\/alfaro.es\/agendaurbana\/#\/schema\/logo\/image\/\"}}]}<\/script>\n<!-- \/ Yoast SEO plugin. -->","yoast_head_json":{"title":"Inicio - Plan de Acci\u00f3n Alfaro","robots":{"index":"index","follow":"follow","max-snippet":"max-snippet:-1","max-image-preview":"max-image-preview:large","max-video-preview":"max-video-preview:-1"},"canonical":"https:\/\/alfaro.es\/agendaurbana\/","og_locale":"es_ES","og_type":"article","og_title":"Inicio - Plan de Acci\u00f3n Alfaro","og_description":"Ver video View video AU Espa\u00f1ola Plan de acci\u00f3n de Alfaro Novedades Participaci\u00f3n Mantente al d\u00eda de las nuevas acciones y participa en su desarrollo Conoce el plan de acci\u00f3n, su estructura y acciones. Ver video View video","og_url":"https:\/\/alfaro.es\/agendaurbana\/","og_site_name":"Plan de Acci\u00f3n Alfaro","article_modified_time":"2022-09-14T10:21:25+00:00","og_image":[{"url":"https:\/\/alfaro.es\/agendaurbana\/wp-content\/uploads\/2022\/08\/home-movil.jpg","type":"","width":"","height":""}],"twitter_card":"summary_large_image","twitter_misc":{"Tiempo de lectura":"1 minuto"},"schema":{"@context":"https:\/\/schema.org","@graph":[{"@type":"WebPage","@id":"https:\/\/alfaro.es\/agendaurbana\/","url":"https:\/\/alfaro.es\/agendaurbana\/","name":"Inicio - Plan de Acci\u00f3n Alfaro","isPartOf":{"@id":"https:\/\/alfaro.es\/agendaurbana\/#website"},"primaryImageOfPage":{"@id":"https:\/\/alfaro.es\/agendaurbana\/#primaryimage"},"image":{"@id":"https:\/\/alfaro.es\/agendaurbana\/#primaryimage"},"thumbnailUrl":"https:\/\/alfaro.es\/agendaurbana\/wp-content\/uploads\/2022\/08\/home-movil.jpg","datePublished":"2022-04-01T14:10:41+00:00","dateModified":"2022-09-14T10:21:25+00:00","breadcrumb":{"@id":"https:\/\/alfaro.es\/agendaurbana\/#breadcrumb"},"inLanguage":"es","potentialAction":[{"@type":"ReadAction","target":["https:\/\/alfaro.es\/agendaurbana\/"]}]},{"@type":"ImageObject","inLanguage":"es","@id":"https:\/\/alfaro.es\/agendaurbana\/#primaryimage","url":"https:\/\/alfaro.es\/agendaurbana\/wp-content\/uploads\/2022\/08\/home-movil.jpg","contentUrl":"https:\/\/alfaro.es\/agendaurbana\/wp-content\/uploads\/2022\/08\/home-movil.jpg","width":1000,"height":947},{"@type":"BreadcrumbList","@id":"https:\/\/alfaro.es\/agendaurbana\/#breadcrumb","itemListElement":[{"@type":"ListItem","position":1,"name":"Portada","item":"https:\/\/alfaro.es\/agendaurbana\/"},{"@type":"ListItem","position":2,"name":"Inicio"}]},{"@type":"WebSite","@id":"https:\/\/alfaro.es\/agendaurbana\/#website","url":"https:\/\/alfaro.es\/agendaurbana\/","name":"Plan de Acci\u00f3n Alfaro","description":"Agenda Urbana","publisher":{"@id":"https:\/\/alfaro.es\/agendaurbana\/#organization"},"potentialAction":[{"@type":"SearchAction","target":{"@type":"EntryPoint","urlTemplate":"https:\/\/alfaro.es\/agendaurbana\/?s={search_term_string}"},"query-input":{"@type":"PropertyValueSpecification","valueRequired":true,"valueName":"search_term_string"}}],"inLanguage":"es"},{"@type":"Organization","@id":"https:\/\/alfaro.es\/agendaurbana\/#organization","name":"Plan de acci\u00f3n Urbana Alfaro","url":"https:\/\/alfaro.es\/agendaurbana\/","logo":{"@type":"ImageObject","inLanguage":"es","@id":"https:\/\/alfaro.es\/agendaurbana\/#\/schema\/logo\/image\/","url":"https:\/\/alfaro.es\/agendaurbana\/wp-content\/uploads\/2022\/04\/agenda-urbana-alfaro.svg","contentUrl":"https:\/\/alfaro.es\/agendaurbana\/wp-content\/uploads\/2022\/04\/agenda-urbana-alfaro.svg","width":64,"height":28,"caption":"Plan de acci\u00f3n Urbana Alfaro"},"image":{"@id":"https:\/\/alfaro.es\/agendaurbana\/#\/schema\/logo\/image\/"}}]}},"_links":{"self":[{"href":"https:\/\/alfaro.es\/agendaurbana\/wp-json\/wp\/v2\/pages\/2","targetHints":{"allow":["GET"]}}],"collection":[{"href":"https:\/\/alfaro.es\/agendaurbana\/wp-json\/wp\/v2\/pages"}],"about":[{"href":"https:\/\/alfaro.es\/agendaurbana\/wp-json\/wp\/v2\/types\/page"}],"author":[{"embeddable":true,"href":"https:\/\/alfaro.es\/agendaurbana\/wp-json\/wp\/v2\/users\/1"}],"replies":[{"embeddable":true,"href":"https:\/\/alfaro.es\/agendaurbana\/wp-json\/wp\/v2\/comments?post=2"}],"version-history":[{"count":128,"href":"https:\/\/alfaro.es\/agendaurbana\/wp-json\/wp\/v2\/pages\/2\/revisions"}],"predecessor-version":[{"id":3175,"href":"https:\/\/alfaro.es\/agendaurbana\/wp-json\/wp\/v2\/pages\/2\/revisions\/3175"}],"wp:attachment":[{"href":"https:\/\/alfaro.es\/agendaurbana\/wp-json\/wp\/v2\/media?parent=2"}],"curies":[{"name":"wp","href":"https:\/\/api.w.org\/{rel}","templated":true}]}}